{"id":1030,"date":"2018-11-29T20:12:19","date_gmt":"2018-11-29T23:12:19","guid":{"rendered":"https:\/\/esc48-sfe.infd.edu.ar\/sitio\/?page_id=1030"},"modified":"2026-02-18T21:22:40","modified_gmt":"2026-02-19T00:22:40","slug":"reglamentos","status":"publish","type":"page","link":"https:\/\/esc48-sfe.infd.edu.ar\/sitio\/reglamentos\/","title":{"rendered":"Reglamentos"},"content":{"rendered":"<h3>Normativa<\/h3>\n<p><a href=\"https:\/\/esc48-sfe.infd.edu.ar\/sitio\/wp-content\/uploads\/2021\/05\/decreto798-ROIS.pdf\"><img decoding=\"async\" src=\"https:\/\/amsafe.org.ar\/wp-content\/uploads\/pdficon_small.gif\" alt=\"alt\" \/>\u00a0 decreto798-ROIS<\/a><\/p>\n<p><a href=\"https:\/\/esc48-sfe.infd.edu.ar\/sitio\/wp-content\/uploads\/2021\/05\/centro-de-estudiantes.pdf\"><img decoding=\"async\" src=\"https:\/\/amsafe.org.ar\/wp-content\/uploads\/pdficon_small.gif\" alt=\"alt\" \/>\u00a0 centro de estudiantes<\/a><\/p>\n<p dir=\"ltr\"><img decoding=\"async\" src=\"https:\/\/amsafe.org.ar\/wp-content\/uploads\/pdficon_small.gif\" alt=\"alt\" \/>\u00a0\u2013\u00a0<a href=\"https:\/\/esc48-sfe.infd.edu.ar\/sitio\/wp-content\/uploads\/2020\/05\/529-09-Inicial.pdf\">529-09\u00a0Dise\u00f1o Curricular Prof de Educaci\u00f3n Inicial\u00a0<\/a><\/p>\n<p dir=\"ltr\">\u00a0<img decoding=\"async\" src=\"https:\/\/amsafe.org.ar\/wp-content\/uploads\/pdficon_small.gif\" alt=\"alt\" \/>\u00a0 \u2013\u00a0<a href=\"https:\/\/esc48-sfe.infd.edu.ar\/sitio\/wp-content\/uploads\/2020\/05\/528-09-Primario.pdf\">528-09 Dise\u00f1o Curricular Prof de Educaci\u00f3n Primaria<\/a><\/p>\n<p dir=\"ltr\"><a href=\"https:\/\/drive.google.com\/open?id=0Bz4Hj0l8moG4MndsY2dSb2F2S2dtYXg0QnBTNnE4dmJ1dkl3\" target=\"_blank\" rel=\"noopener\"><img decoding=\"async\" src=\"https:\/\/amsafe.org.ar\/wp-content\/uploads\/pdficon_small.gif\" alt=\"alt\" \/>\u2013 Res 2120-16. Desarrollo Software<\/a><\/p>\n<p dir=\"ltr\"><img decoding=\"async\" src=\"https:\/\/amsafe.org.ar\/wp-content\/uploads\/pdficon_small.gif\" alt=\"alt\" \/>\u2013\u00a0<a href=\"https:\/\/drive.google.com\/file\/d\/0Bz4Hj0l8moG4ZFBCb3FYUWo2UjBwZ1VNN3VMNXRyWkpiemMw\/view?usp=sharing\">Res 378\/16\u00a0 Tecnico_Gestion_organizaciones<\/a><\/p>\n<h3>Hacer click sobre los enlaces para abrir el documento deseado:<\/h3>\n<p><strong><a title=\"RAM\" href=\"https:\/\/esc48-sfe.infd.edu.ar\/sitio\/informacion-para-alumnos\/upload\/020.pdf\">Reglamento Acad\u00e9mico Marco (RAM)<\/a><\/strong><\/p>\n<p><strong><a href=\"https:\/\/esc48-sfe.infd.edu.ar\/sitio\/wp-content\/uploads\/2018\/10\/021-1.pdf\">Reglamento de Pr\u00e1ctica Docente Marco<\/a><\/strong><\/p>\n<p><a href=\"https:\/\/esc48-sfe.infd.edu.ar\/sitio\/wp-content\/uploads\/2018\/10\/Dec-1559-7-1-Pr%C3%A1c-Profesionalizantes.pdf\"><strong>Reglamento de Pr\u00e1ctica Profesionalizante Marco<\/strong><\/a><\/p>\n","protected":false},"excerpt":{"rendered":"<p>Normativa \u00a0 decreto798-ROIS \u00a0 centro de estudiantes \u00a0\u2013\u00a0529-09\u00a0Dise\u00f1o Curricular Prof de Educaci\u00f3n Inicial\u00a0 \u00a0\u00a0 \u2013\u00a0528-09 Dise\u00f1o Curricular Prof de Educaci\u00f3n Primaria \u2013 Res 2120-16. Desarrollo Software \u2013\u00a0Res 378\/16\u00a0 Tecnico_Gestion_organizaciones Hacer click sobre los enlaces para abrir el documento deseado: Reglamento Acad\u00e9mico Marco (RAM) Reglamento de Pr\u00e1ctica Docente Marco Reglamento de Pr\u00e1ctica Profesionalizante Marco<\/p>\n","protected":false},"author":92,"featured_media":0,"parent":0,"menu_order":0,"comment_status":"closed","ping_status":"closed","template":"","meta":[],"acf":[],"_links":{"self":[{"href":"https:\/\/esc48-sfe.infd.edu.ar\/sitio\/wp-json\/wp\/v2\/pages\/1030"}],"collection":[{"href":"https:\/\/esc48-sfe.infd.edu.ar\/sitio\/wp-json\/wp\/v2\/pages"}],"about":[{"href":"https:\/\/esc48-sfe.infd.edu.ar\/sitio\/wp-json\/wp\/v2\/types\/page"}],"author":[{"embeddable":true,"href":"https:\/\/esc48-sfe.infd.edu.ar\/sitio\/wp-json\/wp\/v2\/users\/92"}],"replies":[{"embeddable":true,"href":"https:\/\/esc48-sfe.infd.edu.ar\/sitio\/wp-json\/wp\/v2\/comments?post=1030"}],"version-history":[{"count":9,"href":"https:\/\/esc48-sfe.infd.edu.ar\/sitio\/wp-json\/wp\/v2\/pages\/1030\/revisions"}],"predecessor-version":[{"id":4723,"href":"https:\/\/esc48-sfe.infd.edu.ar\/sitio\/wp-json\/wp\/v2\/pages\/1030\/revisions\/4723"}],"wp:attachment":[{"href":"https:\/\/esc48-sfe.infd.edu.ar\/sitio\/wp-json\/wp\/v2\/media?parent=1030"}],"curies":[{"name":"wp","href":"https:\/\/api.w.org\/{rel}","templated":true}]}}