{"id":1138,"date":"2018-12-13T01:52:30","date_gmt":"2018-12-13T04:52:30","guid":{"rendered":"https:\/\/esc48-sfe.infd.edu.ar\/sitio\/?page_id=1138"},"modified":"2025-05-24T21:14:29","modified_gmt":"2025-05-25T00:14:29","slug":"biblioteca-virtual","status":"publish","type":"page","link":"https:\/\/esc48-sfe.infd.edu.ar\/sitio\/biblioteca-virtual\/","title":{"rendered":"Biblioteca Virtual"},"content":{"rendered":"\n<p>Hac\u00e9 clic sobre la imagen para acceder  a la Biblioteca Virtual<\/p>\n\n\n<h2 id=\"h.fpinprtb2xka\" class=\"CDt4Ke zfr3Q JYVBee\" dir=\"ltr\"><a href=\"https:\/\/sites.google.com\/view\/bibliotecaescn48\/p%C3%A1gina-principal?authuser=0\"><img decoding=\"async\" loading=\"lazy\" class=\"alignnone size-medium wp-image-4610\" src=\"https:\/\/esc48-sfe.infd.edu.ar\/sitio\/wp-content\/uploads\/2025\/05\/23-1000x297.jpg\" alt=\"\" width=\"1000\" height=\"297\" srcset=\"https:\/\/esc48-sfe.infd.edu.ar\/sitio\/wp-content\/uploads\/2025\/05\/23-1000x297.jpg 1000w, https:\/\/esc48-sfe.infd.edu.ar\/sitio\/wp-content\/uploads\/2025\/05\/23-768x228.jpg 768w, https:\/\/esc48-sfe.infd.edu.ar\/sitio\/wp-content\/uploads\/2025\/05\/23.jpg 1308w\" sizes=\"(max-width: 1000px) 100vw, 1000px\" \/><\/a><\/h2>\n<p><!--more--><\/p>\n<h2>\u00a0<\/h2>\n<h2>Bibliograf\u00eda\u00a0\u00a0<strong>utilizada en las Tertulias Dial\u00f3gicas Literarias 2019:<\/strong><\/h2>\n<p><img decoding=\"async\" loading=\"lazy\" class=\"alignnone size-full wp-image-1764\" src=\"https:\/\/esc48-sfe.infd.edu.ar\/sitio\/wp-content\/uploads\/2019\/08\/campus_20190321105844phpqAOa6V_crop.jpg\" alt=\"\" width=\"320\" height=\"208\" \/><\/p>\n<h2><a href=\"https:\/\/campuseducativo.santafe.gob.ar\/wp-content\/uploads\/adjuntos\/recursos\/20190321\/campus_20190321110217phpqKYSzG.pdf\">CUENTOS DE MISTERIO\u00a0\u00a0<\/a><a title=\"Ver Libro electr\u00f3nico Un cuarto propio\" href=\"http:\/\/campuseducativo.santafe.gob.ar\/un-cuarto-propio\/\" target=\"_blank\" rel=\"noopener\"><img decoding=\"async\" src=\"https:\/\/imgur.com\/LRO1r8Z.png\" \/><\/a><\/h2>\n<p>\u00a0<\/p>\n<p><img decoding=\"async\" loading=\"lazy\" class=\"alignnone size-full wp-image-1761\" src=\"https:\/\/esc48-sfe.infd.edu.ar\/sitio\/wp-content\/uploads\/2019\/08\/campus_20190321110804phpGPEg1w_crop.jpg\" alt=\"\" width=\"320\" height=\"208\" \/><\/p>\n<h2><a href=\"https:\/\/campuseducativo.santafe.gob.ar\/wp-content\/uploads\/adjuntos\/recursos\/20190321\/campus_20190321110834phpIbP6Pi.pdf\">La casa de Bernarda Alba<\/a><a title=\"Ver Libro electr\u00f3nico Un cuarto propio\" href=\"http:\/\/campuseducativo.santafe.gob.ar\/un-cuarto-propio\/\" target=\"_blank\" rel=\"noopener\"><img decoding=\"async\" src=\"https:\/\/imgur.com\/LRO1r8Z.png\" \/><\/a><a href=\"https:\/\/campuseducativo.santafe.gob.ar\/wp-content\/uploads\/adjuntos\/recursos\/20190321\/campus_20190321110834phpIbP6Pi.pdf\">\u00a0<\/a><\/h2>\n<p><img decoding=\"async\" loading=\"lazy\" class=\"alignnone size-thumbnail wp-image-1762\" src=\"https:\/\/esc48-sfe.infd.edu.ar\/sitio\/wp-content\/uploads\/2019\/08\/campus_20190321111127phpxvyi3H_crop.jpg\" alt=\"\" width=\"320\" height=\"208\" \/><\/p>\n<h2><a href=\"https:\/\/campuseducativo.santafe.gob.ar\/wp-content\/uploads\/adjuntos\/recursos\/20190321\/campus_20190321111350phpzQBvmh.pdf\">La metamorfosis\u00a0\u00a0<\/a><a title=\"Ver Libro electr\u00f3nico Un cuarto propio\" href=\"http:\/\/campuseducativo.santafe.gob.ar\/un-cuarto-propio\/\" target=\"_blank\" rel=\"noopener\"><img decoding=\"async\" src=\"https:\/\/imgur.com\/LRO1r8Z.png\" \/><\/a><\/h2>\n<h2>\u00a0<\/h2>\n<h2><strong>Parte de la Bibliograf\u00eda utilizada en las Tertulias Dial\u00f3gicas Literarias:<\/strong><\/h2>\n<h2><a title=\"Ver Libro electr\u00f3nico de Alicia en el pa\u00eds de las Maravillas\" href=\"http:\/\/campuseducativo.santafe.gob.ar\/alicia-en-el-pais-de-las-maravillas\/\" target=\"_blank\" rel=\"noopener\"><img decoding=\"async\" loading=\"lazy\" class=\"\" title=\" \" src=\"http:\/\/campuseducativo.santafe.gob.ar\/wp-content\/uploads\/20180320\/campus_20180306095415php8JUE1X_crop.jpg\" width=\"257\" height=\"167\" \/><br \/>Alicia en el pa\u00eds de las Maravillas\u00a0<img decoding=\"async\" src=\"https:\/\/imgur.com\/LRO1r8Z.png\" \/><\/a><\/h2>\n<hr \/>\n<div>Alicia en el pa\u00eds de las Maravillas (<img decoding=\"async\" class=\"alignleft\" src=\"https:\/\/imgur.com\/KMH1TcF.png\" \/>\u00a0Audiolibro)<img decoding=\"async\" title=\"\" src=\"http:\/\/campuseducativo.santafe.gob.ar\/wp-content\/uploads\/20180320\/campus_20180306095415php8JUE1X_crop.jpg\" width=\"100\" \/><\/div>\n<div>Ficha T\u00e9cnica:<\/div>\n<div><b>Coordinaci\u00f3n Integral:<\/b>\u00a0Patricia Lezcano \u2013\u00a0<b>Coordinaci\u00f3n art\u00edstica y edici\u00f3n:<\/b>\u00a0Federico Aircardi \u2013\u00a0<b>Texto:<\/b>\u00a0Nicol\u00e1s Schuff \u2013\u00a0<b>Narradora:<\/b>\u00a0Anabel Barboza \u2013\u00a0<b>Alicia:<\/b>\u00a0Maru de Rosa \u2013\u00a0<b>Conejo blanco:<\/b>\u00a0Juan Nemirovsky \u2013\u00a0<b>Rat\u00f3n:<\/b>\u00a0Romina Tamburello \u2013\u00a0<b>Pato:<\/b>\u00a0Romina Tamburello \u2013\u00a0<b>Dodo:<\/b>Federico Aicardi \u2013\u00a0<b>Loro:<\/b>\u00a0Camila Oliv\u00e9 \u2013\u00a0<b>Aguilucho:<\/b>\u00a0Juan Nemirovsky \u2013\u00a0<b>Urraca:<\/b>\u00a0Juan Pablo Biselli \u2013\u00a0<b>Canario:<\/b>\u00a0Maru \u2013\u00a0<b>Pat:<\/b>\u00a0Juan Nemirovsky \u2013\u00a0<b>Bill:<\/b>\u00a0Juan Pablo Biselli \u2013\u00a0<b>Oruga azul:<\/b>\u00a0Juan Pablo Biselli \u2013\u00a0<b>Paloma:<\/b>\u00a0Romina Tamburello \u2013\u00a0<b>Sirviente sapo:<\/b>\u00a0Juan Nemirovsky \u2013\u00a0<b>Sirviente pez:<\/b>\u00a0Juan Pablo Biselli \u2013\u00a0<b>Duquesa:<\/b>\u00a0Romina Tamburello \u2013\u00a0<b>Gato:<\/b>\u00a0Juan Pablo Biselli \u2013\u00a0<b>Liebre de marzo:<\/b>\u00a0Juan Nemirovsky \u2013\u00a0<b>Sombrerero:<\/b>Federico Aicardi \u2013\u00a0<b>Lir\u00f3n:<\/b>\u00a0Federico Aicardi \u2013\u00a0<b>La reina:<\/b>\u00a0Camila Oliv\u00e9 \u2013\u00a0<b>2 de corazones:<\/b>\u00a0Juan Nemirovsky \u2013\u00a0<b>5 de corazones:<\/b>\u00a0Federico Aicardi \u2013\u00a0<b>El rey:<\/b>\u00a0Federico Aicardi \u2013\u00a0<b>Grifo:<\/b>\u00a0Romina Tamburello \u2013\u00a0<b>Falsa tortuga:<\/b>\u00a0Camila Oliv\u00e9 \u2013\u00a0<b>Jurados:<\/b>\u00a0Todos \u2013\u00a0<b>La sota:<\/b>\u00a0Camila Oliv\u00e9 \u2013\u00a0<b>Hermana de alicia:<\/b>\u00a0Camila Oliv\u00e9<\/div>\n<div><i>Click en cada enlace para reproducir<\/i><\/div>\n<p><img decoding=\"async\" src=\"https:\/\/imgur.com\/KMH1TcF.png\" \/>\u00a0<a title=\"Click para reproducir Tapa\" href=\"https:\/\/drive.google.com\/open?id=1-WFP5hgeA5DYyGsfZqv8k26FVgAvWJH7\" target=\"_blank\" rel=\"noopener\">01 \u2013 Tapa<\/a><br \/><img decoding=\"async\" src=\"https:\/\/imgur.com\/KMH1TcF.png\" \/>\u00a0<a title=\"Click para reproducir Informaci\u00f3n editorial\" href=\"https:\/\/drive.google.com\/open?id=1Fv5kTEHL9KQI3QHYqZ8OLp1l_HPWbyq3\" target=\"_blank\" rel=\"noopener\">02 \u2013 Informaci\u00f3n editorial<\/a><br \/><img decoding=\"async\" src=\"https:\/\/imgur.com\/KMH1TcF.png\" \/>\u00a0<a title=\"Click para reproducir Carta del gobernador de Santa Fe\" href=\"https:\/\/drive.google.com\/open?id=1gk_NIQ1k0KcDy9V9vTi1Gdu7QMpyWk_M\" target=\"_blank\" rel=\"noopener\">03 \u2013 Carta del gobernador de Santa Fe<\/a><br \/><img decoding=\"async\" src=\"https:\/\/imgur.com\/KMH1TcF.png\" \/>\u00a0<a title=\"Click para reproducir Carta de la Ministra de educaci\u00f3n de Santa Fe\" href=\"https:\/\/drive.google.com\/open?id=1kzvCkZQurLssxExlOI7aAVec9uhLpzXl\" target=\"_blank\" rel=\"noopener\">04 \u2013 Carta de la Ministra de educaci\u00f3n de Santa Fe<\/a><br \/><img decoding=\"async\" src=\"https:\/\/imgur.com\/KMH1TcF.png\" \/>\u00a0<a title=\"Click para reproducir Las tertulias literarias - de las Comunidades de Aprendizaje a Escuela Abierta\" href=\"https:\/\/drive.google.com\/open?id=1w7LH_oLwBcVZ_SRm8ZKcXdxnt9UlWRar\" target=\"_blank\" rel=\"noopener\">05 \u2013 Las tertulias literarias \u2013 de las Comunidades de Aprendizaje a Escuela Abierta<\/a><br \/><img decoding=\"async\" src=\"https:\/\/imgur.com\/KMH1TcF.png\" \/>\u00a0<a title=\"Click para reproducir C\u00f3mo hicimos este libro\" href=\"https:\/\/drive.google.com\/open?id=1Bjnnoly1uU9IsvfhKzLdLLqYMAAlflne\" target=\"_blank\" rel=\"noopener\">06 \u2013 C\u00f3mo hicimos este libro<\/a><br \/><img decoding=\"async\" src=\"https:\/\/imgur.com\/KMH1TcF.png\" \/>\u00a0<a title=\"Click para reproducir T\u00edtulo\" href=\"https:\/\/drive.google.com\/open?id=1NiazALb7bunD5S7MMWen4NXTrB_aMa6K\" target=\"_blank\" rel=\"noopener\">07 \u2013 T\u00edtulo<\/a><br \/><img decoding=\"async\" src=\"https:\/\/imgur.com\/KMH1TcF.png\" \/>\u00a0<a title=\"Click para reproducir Cap\u00edtulo 1 - La madriguera del conejo\" href=\"https:\/\/drive.google.com\/open?id=10o857ZHgaZI3Qs6EorOZgy_6jAZfMHw3\" target=\"_blank\" rel=\"noopener\">08 \u2013 Cap\u00edtulo 1 \u2013 La madriguera del conejo<\/a><br \/><img decoding=\"async\" src=\"https:\/\/imgur.com\/KMH1TcF.png\" \/>\u00a0<a title=\"Click para reproducir Cap\u00edtulo 2 - Un mar de l\u00e1grimas\" href=\"https:\/\/drive.google.com\/open?id=1no953Wv42EtzNi3dZ2b4jn9DnF6whnlc\" target=\"_blank\" rel=\"noopener\">09 \u2013 Cap\u00edtulo 2 \u2013 Un mar de l\u00e1grimas<\/a><br \/><img decoding=\"async\" src=\"https:\/\/imgur.com\/KMH1TcF.png\" \/>\u00a0<a title=\"Click para reproducir Cap\u00edtulo 3 - Una carrera loca\" href=\"https:\/\/drive.google.com\/open?id=1SBDi7H9jeOnPjoI76MOZfnaSYPEBaeZa\" target=\"_blank\" rel=\"noopener\">10 \u2013 Cap\u00edtulo 3 \u2013 Una carrera loca<\/a><br \/><img decoding=\"async\" src=\"https:\/\/imgur.com\/KMH1TcF.png\" \/>\u00a0<a title=\"Click para reproducir Cap\u00edtulo 4 - El conejo Pat y Bill\" href=\"https:\/\/drive.google.com\/open?id=1tgTyzE4gEV6fzfVKe99gy-Uq8JVvbz6d\" target=\"_blank\" rel=\"noopener\">11 \u2013 Cap\u00edtulo 4 \u2013 El conejo Pat y Bill<\/a><br \/><img decoding=\"async\" src=\"https:\/\/imgur.com\/KMH1TcF.png\" \/>\u00a0<a title=\"Click para reproducir Cap\u00edtulo 5 - Los consejos de la oruga\" href=\"https:\/\/drive.google.com\/open?id=1V5U7HI-MCCYjClxvR5ir_7weUDL2d4t-\" target=\"_blank\" rel=\"noopener\">12 \u2013 Cap\u00edtulo 5 \u2013 Los consejos de la oruga<\/a><br \/><img decoding=\"async\" src=\"https:\/\/imgur.com\/KMH1TcF.png\" \/>\u00a0<a title=\"Click para reproducir Cap\u00edtulo 6 - Chanchito y Pimienta\" href=\"https:\/\/drive.google.com\/open?id=1rhU_imXNEfCwGAfZEsaGTiq9pSQaVAw-\" target=\"_blank\" rel=\"noopener\">13 \u2013 Cap\u00edtulo 6 \u2013 Chanchito y Pimienta<\/a><br \/><img decoding=\"async\" src=\"https:\/\/imgur.com\/KMH1TcF.png\" \/>\u00a0<a title=\"Click para reproducir Cap\u00edtulo 7 - Una merienda de locos\" href=\"https:\/\/drive.google.com\/open?id=1-V2PbCSKUor1msxSBvE0bQCf_TJ8d_2z\" target=\"_blank\" rel=\"noopener\">14 \u2013 Cap\u00edtulo 7 \u2013 Una merienda de locos<\/a><br \/><img decoding=\"async\" src=\"https:\/\/imgur.com\/KMH1TcF.png\" \/>\u00a0<a title=\"Click para reproducir Cap\u00edtulo 8 - El campo de croquet de la reina\" href=\"https:\/\/drive.google.com\/open?id=1lgDT7HBVBRS4KXaRmfopSIRl9vxbfT-N\" target=\"_blank\" rel=\"noopener\">15 \u2013 Cap\u00edtulo 8 \u2013 El campo de croquet de la reina<\/a><br \/><img decoding=\"async\" src=\"https:\/\/imgur.com\/KMH1TcF.png\" \/>\u00a0<a title=\"Click para reproducir Cap\u00edtulo 9 - La historia de la falsa tortuga\" href=\"https:\/\/drive.google.com\/open?id=1a232jb0DFjPLzmJ75F5bkKzE-tfPddKO\" target=\"_blank\" rel=\"noopener\">16 \u2013 Cap\u00edtulo 9 \u2013 La historia de la falsa tortuga<\/a><br \/><img decoding=\"async\" src=\"https:\/\/imgur.com\/KMH1TcF.png\" \/>\u00a0<a title=\"Click para reproducir Cap\u00edtulo 10 - El baile de la langosta\" href=\"https:\/\/drive.google.com\/open?id=1hMVv_X5QC9iGpV8-fphHJ9UBq-5JBN7b\" target=\"_blank\" rel=\"noopener\">17 \u2013 Cap\u00edtulo 10 \u2013 El baile de la langosta<\/a><br \/><img decoding=\"async\" src=\"https:\/\/imgur.com\/KMH1TcF.png\" \/>\u00a0<a title=\"Click para reproducir Cap\u00edtulo 11 - Qui\u00e9n rob\u00f3 las tartas\" href=\"https:\/\/drive.google.com\/open?id=13AmibUPtJgnGZM3UU7NDfhTbF4YEgAWO\" target=\"_blank\" rel=\"noopener\">18 \u2013 Cap\u00edtulo 11 \u2013 Qui\u00e9n rob\u00f3 las tartas<\/a><br \/><img decoding=\"async\" src=\"https:\/\/imgur.com\/KMH1TcF.png\" \/>\u00a0<a title=\"Click para reproducir Cap\u00edtulo 12 - El testimonio de Alicia\" href=\"https:\/\/drive.google.com\/open?id=1tB62Bf0ofNox4qwdQX2d9-IRT2rgVqAZ\" target=\"_blank\" rel=\"noopener\">19 \u2013 Cap\u00edtulo 12 \u2013 El testimonio de Alicia<\/a><br \/><img decoding=\"async\" src=\"https:\/\/imgur.com\/KMH1TcF.png\" \/>\u00a0<a title=\"Click para reproducir Indice\" href=\"https:\/\/drive.google.com\/open?id=1G7hKuh2UtCZblk_JLbLpMTX3azpwn05B\" target=\"_blank\" rel=\"noopener\">20 \u2013 Indice<\/a><br \/><img decoding=\"async\" src=\"https:\/\/imgur.com\/KMH1TcF.png\" \/>\u00a0<a title=\"Click para reproducir Informaci\u00f3n de impresi\u00f3n\" href=\"https:\/\/drive.google.com\/open?id=1HJz4HBmKdBOkJSN4ESXEhUly9le3N7bi\" target=\"_blank\" rel=\"noopener\">21 \u2013 Informaci\u00f3n de impresi\u00f3n<\/a><br \/><img decoding=\"async\" src=\"https:\/\/imgur.com\/KMH1TcF.png\" \/>\u00a0<a title=\"Click para reproducir Contra\" href=\"https:\/\/drive.google.com\/open?id=1OqpbXQI82JHESg9iUR-Jhs1-L7TJn5pG\" target=\"_blank\" rel=\"noopener\">22 \u2013 Contratapa<\/a><\/p>\n<hr \/>\n<div><a title=\"Ver Libro electr\u00f3nico Cuentos de la selva y Cuento de navidad\" href=\"http:\/\/campuseducativo.santafe.gob.ar\/cuentos-de-la-selva-y-cuento-de-navidad\/\" target=\"_blank\" rel=\"noopener\"><img decoding=\"async\" loading=\"lazy\" class=\"\" title=\" \" src=\"http:\/\/campuseducativo.santafe.gob.ar\/wp-content\/uploads\/20180320\/campus_20180306102304phpUX3lrH_crop.jpg\" width=\"195\" height=\"127\" \/><br \/>Cuentos de la selva y Cuento de navidad\u00a0<img decoding=\"async\" src=\"https:\/\/imgur.com\/LRO1r8Z.png\" \/><\/a><\/div>\n<hr \/>\n<div>Cuento de Navidad (<img decoding=\"async\" src=\"https:\/\/imgur.com\/KMH1TcF.png\" \/>\u00a0Audiolibro)<img decoding=\"async\" title=\"\" src=\"http:\/\/campuseducativo.santafe.gob.ar\/wp-content\/uploads\/20180320\/campus_20180306102304phpUX3lrH_crop.jpg\" width=\"100\" \/><\/div>\n<div><i>Click en cada enlace para reproducir<\/i><\/div>\n<p><img decoding=\"async\" src=\"https:\/\/imgur.com\/KMH1TcF.png\" \/>\u00a0<a title=\"Click para reproducir Tapa\" href=\"http:\/\/campuseducativo.santafe.gob.ar\/wp-content\/uploads\/adjuntos\/recursos\/20180825\/campus_20180824132717phprtt7Rd.mp3\" target=\"_blank\" rel=\"noopener\">01 \u2013 Tapa<\/a><br \/><img decoding=\"async\" src=\"https:\/\/imgur.com\/KMH1TcF.png\" \/>\u00a0<a title=\"Click para reproducir Datos editoriales\" href=\"http:\/\/campuseducativo.santafe.gob.ar\/wp-content\/uploads\/adjuntos\/recursos\/20180825\/campus_20180824194053phpWBCK5a.mp3\" target=\"_blank\" rel=\"noopener\">02 \u2013 Datos editoriales<\/a><br \/><img decoding=\"async\" src=\"https:\/\/imgur.com\/KMH1TcF.png\" \/>\u00a0<a title=\"Click para reproducir Carta del Ing. Miguel Lifschitz\" href=\"http:\/\/campuseducativo.santafe.gob.ar\/wp-content\/uploads\/adjuntos\/recursos\/20180825\/campus_20180824193941phpHUTsBO.mp3\" target=\"_blank\" rel=\"noopener\">03 \u2013 Carta del Ing. Miguel Lifschitz<\/a><br \/><img decoding=\"async\" src=\"https:\/\/imgur.com\/KMH1TcF.png\" \/>\u00a0<a title=\"Click para reproducir Carta de la Dra. Claudia Balagu\u00e9\" href=\"http:\/\/campuseducativo.santafe.gob.ar\/wp-content\/uploads\/adjuntos\/recursos\/20180825\/campus_20180824194230phpv1GkpX.mp3\" target=\"_blank\" rel=\"noopener\">04 \u2013 Carta de la Dra. Claudia Balagu\u00e9<\/a><br \/><img decoding=\"async\" src=\"https:\/\/imgur.com\/KMH1TcF.png\" \/>\u00a0<a title=\"Click para reproducir Las tertulias literarias - de las Comunidades de Aprendizaje a Escuela Abierta\" href=\"http:\/\/campuseducativo.santafe.gob.ar\/wp-content\/uploads\/adjuntos\/recursos\/20180825\/campus_20180824194424phpzkYuKO.mp3\" target=\"_blank\" rel=\"noopener\">05 \u2013 Las tertulias literarias \u2013 de las Comunidades de Aprendizaje a Escuela Abierta<\/a><br \/><img decoding=\"async\" src=\"https:\/\/imgur.com\/KMH1TcF.png\" \/>\u00a0<a title=\"Click para reproducir T\u00edtulo\" href=\"http:\/\/campuseducativo.santafe.gob.ar\/wp-content\/uploads\/adjuntos\/recursos\/20180825\/campus_20180824194454php7ylP9C.mp3\" target=\"_blank\" rel=\"noopener\">06 \u2013 T\u00edtulo<\/a><br \/><img decoding=\"async\" src=\"https:\/\/imgur.com\/KMH1TcF.png\" \/>\u00a0<a title=\"Click para reproducir Cap\u00edtulo primero\" href=\"http:\/\/campuseducativo.santafe.gob.ar\/wp-content\/uploads\/adjuntos\/recursos\/20180825\/campus_20180824195212php4tVROT.mp3\" target=\"_blank\" rel=\"noopener\">07 \u2013 Cap\u00edtulo primero<\/a><br \/><img decoding=\"async\" src=\"https:\/\/imgur.com\/KMH1TcF.png\" \/>\u00a0<a title=\"Click para reproducir Cap\u00edtulo segundo - El primero de los tres\" href=\"http:\/\/campuseducativo.santafe.gob.ar\/wp-content\/uploads\/adjuntos\/recursos\/20180825\/campus_20180824195649phpHHdP9x.mp3\" target=\"_blank\" rel=\"noopener\">08 \u2013 Cap\u00edtulo segundo \u2013 El primero de los tres<\/a><br \/><img decoding=\"async\" src=\"https:\/\/imgur.com\/KMH1TcF.png\" \/>\u00a0<a title=\"Click para reproducir Cap\u00edtulo tercero - El segundo de los tres\" href=\"http:\/\/campuseducativo.santafe.gob.ar\/wp-content\/uploads\/adjuntos\/recursos\/20180825\/campus_20180824211013phpf29IuJ.mp3\" target=\"_blank\" rel=\"noopener\">09 \u2013 Cap\u00edtulo tercero \u2013 El segundo de los tres<\/a><br \/><img decoding=\"async\" src=\"https:\/\/imgur.com\/KMH1TcF.png\" \/>\u00a0<a title=\"Click para reproducir Cap\u00edtulo cuarto - El \u00faltimo de los esp\u00edritus\" href=\"http:\/\/campuseducativo.santafe.gob.ar\/wp-content\/uploads\/adjuntos\/recursos\/20180825\/campus_20180824202751phpEL9Jyg.mp3\" target=\"_blank\" rel=\"noopener\">10 \u2013 Cap\u00edtulo cuarto \u2013 El \u00faltimo de los esp\u00edritus<\/a><br \/><img decoding=\"async\" src=\"https:\/\/imgur.com\/KMH1TcF.png\" \/>\u00a0<a title=\"Click para reproducir Cap\u00edtulo quinto - Conclusi\u00f3n\" href=\"http:\/\/campuseducativo.santafe.gob.ar\/wp-content\/uploads\/adjuntos\/recursos\/20180825\/campus_20180824203235phpACG4pg.mp3\" target=\"_blank\" rel=\"noopener\">11 \u2013 Cap\u00edtulo quinto \u2013 Conclusi\u00f3n<\/a><\/p>\n<hr \/>\n<div><a title=\"Ver Libro electr\u00f3nico Ant\u00edgona \u2013 Sue\u00f1o de una noche de verano\" href=\"http:\/\/campuseducativo.santafe.gob.ar\/antigona-sueno-de-una-noche-de-verano\/\" target=\"_blank\" rel=\"noopener\"><img decoding=\"async\" title=\" \" src=\"http:\/\/campuseducativo.santafe.gob.ar\/wp-content\/uploads\/20180320\/campus_20180306101554php5zeWtU_crop.jpg\" width=\"100\" \/><br \/>Ant\u00edgona \u2013 Sue\u00f1o de una noche de verano\u00a0<img decoding=\"async\" src=\"https:\/\/imgur.com\/LRO1r8Z.png\" \/><\/a><\/div>\n<hr \/>\n<div><a title=\"Ver Libro electr\u00f3nico Las f\u00e1bulas de Esopo\" href=\"http:\/\/campuseducativo.santafe.gob.ar\/las-fabulas-de-esopo-2\/\" target=\"_blank\" rel=\"noopener\"><img decoding=\"async\" title=\" \" src=\"http:\/\/campuseducativo.santafe.gob.ar\/wp-content\/uploads\/20180320\/campus_20180306103129phpytE7d2_crop.jpg\" width=\"100\" \/><br \/>Las f\u00e1bulas de Esopo\u00a0<img decoding=\"async\" src=\"https:\/\/imgur.com\/LRO1r8Z.png\" \/><\/a><\/div>\n<hr \/>\n<div><a title=\"Ver Libro electr\u00f3nico Aguafuertes y Cuentos\" href=\"http:\/\/campuseducativo.santafe.gob.ar\/aguafuertes-y-cuentos\/\" target=\"_blank\" rel=\"noopener\"><img decoding=\"async\" title=\" \" src=\"http:\/\/campuseducativo.santafe.gob.ar\/wp-content\/uploads\/20180628\/campus_20180627221423phpMwoZnF_crop.jpg\" width=\"100\" \/><br \/>Aguafuertes y Cuentos\u00a0<img decoding=\"async\" src=\"https:\/\/imgur.com\/LRO1r8Z.png\" \/><\/a><\/div>\n<hr \/>\n<div><a title=\"Ver Libro electr\u00f3nico El \u00c1rbol florido\" href=\"http:\/\/campuseducativo.santafe.gob.ar\/el-arbol-florido\/\" target=\"_blank\" rel=\"noopener\"><img decoding=\"async\" title=\" \" src=\"http:\/\/campuseducativo.santafe.gob.ar\/wp-content\/uploads\/20180628\/campus_20180627222022phpL97QQb_crop.jpg\" width=\"100\" \/><br \/>El \u00e1rbol florido\u00a0<img decoding=\"async\" src=\"https:\/\/imgur.com\/LRO1r8Z.png\" \/><\/a><\/div>\n<hr \/>\n<div><a title=\"Ver Libro electr\u00f3nico El Avaro\" href=\"http:\/\/campuseducativo.santafe.gob.ar\/el-avaro\/\" target=\"_blank\" rel=\"noopener\"><img decoding=\"async\" loading=\"lazy\" class=\"\" title=\" \" src=\"http:\/\/campuseducativo.santafe.gob.ar\/wp-content\/uploads\/20180703\/campus_20180627222410phpenNGtS_crop.jpg\" width=\"212\" height=\"139\" \/><br \/>El Avaro\u00a0<img decoding=\"async\" src=\"https:\/\/imgur.com\/LRO1r8Z.png\" \/><\/a><\/div>\n<hr \/>\n<div><a title=\"Ver Libro electr\u00f3nico Frankenstein\" href=\"http:\/\/campuseducativo.santafe.gob.ar\/frankenstein\/\" target=\"_blank\" rel=\"noopener\"><img decoding=\"async\" loading=\"lazy\" class=\"\" title=\" \" src=\"http:\/\/campuseducativo.santafe.gob.ar\/wp-content\/uploads\/20180703\/campus_20180627222914phpsjR706_crop.jpg\" width=\"206\" height=\"135\" \/><br \/>Frankenstein\u00a0<img decoding=\"async\" src=\"https:\/\/imgur.com\/LRO1r8Z.png\" \/><\/a><\/div>\n<hr \/>\n<div><a title=\"Ver Libro electr\u00f3nico Un cuarto propio\" href=\"http:\/\/campuseducativo.santafe.gob.ar\/un-cuarto-propio\/\" target=\"_blank\" rel=\"noopener\"><img decoding=\"async\" loading=\"lazy\" class=\"\" title=\" \" src=\"http:\/\/campuseducativo.santafe.gob.ar\/wp-content\/uploads\/20180703\/campus_20180627223257phpwxntmu_crop.jpg\" width=\"243\" height=\"160\" \/><br \/>Un cuarto propio\u00a0<img decoding=\"async\" src=\"https:\/\/imgur.com\/LRO1r8Z.png\" \/><\/a><\/div>","protected":false},"excerpt":{"rendered":"<p>Hac\u00e9 clic sobre la imagen para acceder a la Biblioteca Virtual<\/p>\n","protected":false},"author":92,"featured_media":0,"parent":0,"menu_order":0,"comment_status":"closed","ping_status":"closed","template":"","meta":[],"acf":[],"_links":{"self":[{"href":"https:\/\/esc48-sfe.infd.edu.ar\/sitio\/wp-json\/wp\/v2\/pages\/1138"}],"collection":[{"href":"https:\/\/esc48-sfe.infd.edu.ar\/sitio\/wp-json\/wp\/v2\/pages"}],"about":[{"href":"https:\/\/esc48-sfe.infd.edu.ar\/sitio\/wp-json\/wp\/v2\/types\/page"}],"author":[{"embeddable":true,"href":"https:\/\/esc48-sfe.infd.edu.ar\/sitio\/wp-json\/wp\/v2\/users\/92"}],"replies":[{"embeddable":true,"href":"https:\/\/esc48-sfe.infd.edu.ar\/sitio\/wp-json\/wp\/v2\/comments?post=1138"}],"version-history":[{"count":8,"href":"https:\/\/esc48-sfe.infd.edu.ar\/sitio\/wp-json\/wp\/v2\/pages\/1138\/revisions"}],"predecessor-version":[{"id":4611,"href":"https:\/\/esc48-sfe.infd.edu.ar\/sitio\/wp-json\/wp\/v2\/pages\/1138\/revisions\/4611"}],"wp:attachment":[{"href":"https:\/\/esc48-sfe.infd.edu.ar\/sitio\/wp-json\/wp\/v2\/media?parent=1138"}],"curies":[{"name":"wp","href":"https:\/\/api.w.org\/{rel}","templated":true}]}}