{"id":1186,"date":"2018-12-26T22:02:28","date_gmt":"2018-12-27T01:02:28","guid":{"rendered":"https:\/\/esc48-sfe.infd.edu.ar\/sitio\/?page_id=1186"},"modified":"2021-03-04T21:15:53","modified_gmt":"2021-03-05T00:15:53","slug":"medio-boleto","status":"publish","type":"page","link":"https:\/\/esc48-sfe.infd.edu.ar\/sitio\/medio-boleto\/","title":{"rendered":"Medio Boleto"},"content":{"rendered":"<p>&nbsp;<\/p>\n<h2>BOLETO EDUCATIVO GRATUITO (BEG)<\/h2>\n<p>El BEG tiene por objeto garantizar la llegada de estudiantes, docentes y asistentes escolares de los establecimientos educativos de toda la provincia, eliminando as\u00ed una potencial barrera de acceso a la educaci\u00f3n. A partir de su implementaci\u00f3n, el costo completo del viaje lo va a pagar la provincia de Santa Fe.<\/p>\n<p>Son Beneficiarios del BEG:<\/p>\n<ul class=\"collection\">\n<li class=\"collection-item\">Alumnos\/as regulares de los niveles inicial, primario, secundario, terciario, y universitario.<\/li>\n<li class=\"collection-item\">Docentes y asistentes escolares de establecimientos educativos provinciales.<\/li>\n<\/ul>\n<h2><strong>Medio Boleto<\/strong><\/h2>\n<p>&nbsp;<\/p>\n<p>Aqu\u00ed encontrar\u00e1s informaci\u00f3n :<\/p>\n<p><img decoding=\"async\" loading=\"lazy\" class=\"alignnone  wp-image-1744\" src=\"https:\/\/esc48-sfe.infd.edu.ar\/sitio\/wp-content\/uploads\/2019\/06\/FLECHA-2-1.gif\" alt=\"\" width=\"51\" height=\"76\" \/><\/p>\n<p><a href=\"https:\/\/www.santafe.gov.ar\/boletoeducativo\/informacion\">https:\/\/www.santafe.gov.ar\/boletoeducativo\/informacion<\/a><\/p>\n<p>&nbsp;<\/p>\n<p>&nbsp;<\/p>\n<p>Les comunicamos que se encuentra disponible la nueva aplicaci\u00f3n para realizar el tr\u00e1mite de Medio Boleto Interurbano Estudiantil, a la cu\u00e1l se puede acceder ingresando desde la web a\u00a0<a href=\"https:\/\/www.santafe.gob.ar\/tramites\/medioboleto\/?fbclid=IwAR2jw-aqhPwt0I0ONMLav4kPyOCtXU1OE1w27IA_4NXS2xglVfb579xvrms\" target=\"_blank\" rel=\"noopener nofollow\" data-ft=\"{&quot;tn&quot;:&quot;-U&quot;}\" data-lynx-mode=\"async\" data-lynx-uri=\"https:\/\/l.facebook.com\/l.php?u=https%3A%2F%2Fwww.santafe.gob.ar%2Ftramites%2Fmedioboleto%2F%3Ffbclid%3DIwAR2jw-aqhPwt0I0ONMLav4kPyOCtXU1OE1w27IA_4NXS2xglVfb579xvrms&amp;h=AT071MYp22ypKNw28qbNd0cxAfr7b1q8unUjBpMo3J0vzmwePITgB6u4zlMNWwcxMDbS7VBVBAsXuRUDc26V3COhAoc3BxB_0HxN965qZfFG07kHreYWH293SSJX1Xh76nGVUKWPgA82KCJQ08P4JJeXZrc1JHPdjVicQbL3mipRVPJ-AXvSDdoDGXCu0WtRfn15Qsd6vvh4fSKKe7ikzuToRib9SZdeprYd1j3Crnk1zzLyIH_TthfWpdwJn44nDphgLLSYP6UWqw-m_yigp8Iuyx59ms0fuNWD2D1J5Y0a9nrbl3D-Dxwk6a5IJGh2MjRqMh0IA6q31MdYvcvufjDfvI6KH0S1f2IC4i-TYEULmobHQIAoo1dHxRicqZiwE_ObbGLnfTGItGD4q7zuBPGN_Q0JzPhCG5RcEy8HwwUS0Q9LJBAbovJ3Ed0fCeOJ8q8hsxVn6nPAMHbSIQasX-uDL4tDUgmCDghdknEexkxwiHptyQtEyhPuHzGPGzz02PcOQBZ6U80VmTyBzhXjHxqrNM4S2Qv-YcqOBuhya0wGujpEfRe6fEQ3rrveAgZNT0f7QqXeNDAEPEehTdIW_KS59c5ykOboV7ELCiKoPCK-fKf5gQPamycHIsQu5vw\">https:\/\/www.santafe.gob.ar\/tramites\/medioboleto\/<\/a>\u00a0y para ello debe haberse registrado previamente en ID Ciudadana (<a href=\"http:\/\/www.santafe.gob.ar\/idciudadana?fbclid=IwAR1CF3wcGpH9G8t9nrQEr28rLaJ-vSrEzxSb6GWFlEiL57TZO9qKx3BCc0s\" target=\"_blank\" rel=\"noopener nofollow\" data-ft=\"{&quot;tn&quot;:&quot;-U&quot;}\" data-lynx-mode=\"async\" data-lynx-uri=\"https:\/\/l.facebook.com\/l.php?u=http%3A%2F%2Fwww.santafe.gob.ar%2Fidciudadana%3Ffbclid%3DIwAR1CF3wcGpH9G8t9nrQEr28rLaJ-vSrEzxSb6GWFlEiL57TZO9qKx3BCc0s&amp;h=AT1q7uBjLs0lB-ddB7ta0gHlqdzZhTNzIK5EL95tjoTW9EahtM3g-QIeCi0G9rFcu7ZbZvQJIXhz3GDOzNS6jIeF-IdDx54RxLcXse_Wz_Lb1bt2qpVYwbgSFhRR6G2x_K28W7b_fMeQFrhvDU0E0rhSFLuTYoM7DNY19jDk1PSNF3wBfrEMvsUbNKLLGeUM3ECsxHdR7C3R--mXFSdaYp-wRfLOkQDmT9JvbGKMjqXRGFknr3kzEY1QuGuT91tuqW3MT-8CyLutpVt91lQRdiWh0UyINTx8ojyKU3htqvNS1FQcWWkfRhSA9_F78APVCfrez8Zr97qoA6yAw27tezbyxMAKUzB5PNOELpnxEOl3ZGm_Ask--S5tqESFyLs08rd3sXXe-8A7ed1gLhoxo3MZ9k06ymX7GB2SyZrl1dU9gJkfviS42E2MYrUFVEn_ghGQiQkJ2UOqIdsk_SsgWhKFvWzbpo1HBms9I9_bzYZX_Tt4RWpoKuwVWh6NobXUq7j_elHzSNmYUz32EvXXygQy-Eogn2Ixao6PcJXDXip776fiyj-d-JGdlzNJOV3T-j7Qu2RSvz5gZEOcX_9AR7GIo5Hs6snz_FQSADrvk1BYBy-SaF2IwdAFnoCPDfk\">http:\/\/www.santafe.gob.ar\/idciudadana<\/a>).<\/p>\n<p>Otra opci\u00f3n para acceder a la misma es descargar la App para celulares (con sistema opertativo Android) llamada \u00abMedio Boleto Estudiantil\u00bb desde el Play Store:\u00a0<a href=\"https:\/\/l.facebook.com\/l.php?u=https%3A%2F%2Fplay.google.com%2Fstore%2Fapps%2Fdetails%3Fid%3Dar.gov.santafe.miyt.mobile.medio_boleto%26hl%3Des-419%26fbclid%3DIwAR3arqVA8DZzfi_DAczX6IBo4hAU2k2onSjtm3s_7DU0J1xm2XOfR5i6ww4&amp;h=AT1zdUbTOWbtvSyeRijZLUB64HL6EmVgEyzAqQJf7Sjee-ECTofNF7d8aOxu6ewMmAKZr1rO1eCxmfV85y7mTMdKMYKaSG3f-HLorLGcn2eR5CmxyGmkfmJl03QEl3EGzAd0OXUk99fJA1_dXYy2Jq8YiQOgkn5IYNM3eqnZ28cIrHfBzX8hW7GlaeusYP-0YMKiVTQ0pMvaFt-4nEM-aGA2CBlN5WSqPuIkosEOh6DSG9DpyfwaP81eASyacymoNhp3j04PAliHAmhemZkRAiRmHmf32qwAI_ULGIgLax-wwUoJ-N6yB24nLqBlBMcvTiD3UGZSRdeT44x0fvsTUjLatWfrVb1Wp6_BUCfTIxwF_Gvh3YtqsiMfqgvz7F39nuRrRTThEFyeBX2M18OPXChU_TtJyUByk_VDF0hXIZVBZVsWJNXXDcITKaBieIIvckBR4qWJAIcC3yomEphzpz_U6rBK3RqWFM3zuBpmBSneT4u9TAdDceFClvlMcaFJaU7BcG8O51aC93oDvwweKO2-S0_m3m-mevW7XVoew5MG63dXkNqNeZuS3sjfvWjxpTDhfcE80R9p6HtpYuAynVY7oZxiMkJUeUZfxe839cq5ndzUznblnbmUcGWH3F4\" target=\"_blank\" rel=\"noopener nofollow\" data-ft=\"{&quot;tn&quot;:&quot;-U&quot;}\" data-lynx-mode=\"async\">https:\/\/play.google.com\/store\/apps\/details\u2026<\/a><\/p>\n<p style=\"text-align: center;\"><a href=\"https:\/\/play.google.com\/store\/apps\/details?id=ar.gov.santafe.miyt.mobile.medio_boleto&amp;hl=es-419&amp;fbclid=IwAR3arqVA8DZzfi_DAczX6IBo4hAU2k2onSjtm3s_7DU0J1xm2XOfR5i6ww4\">Hace clic en la imagen<\/a><\/p>\n<p><a href=\"https:\/\/play.google.com\/store\/apps\/details?id=ar.gov.santafe.miyt.mobile.medio_boleto&amp;hl=es-419&amp;fbclid=IwAR3arqVA8DZzfi_DAczX6IBo4hAU2k2onSjtm3s_7DU0J1xm2XOfR5i6ww4\"><img decoding=\"async\" class=\"aligncenter\" src=\"https:\/\/lh3.googleusercontent.com\/GMYhC0kHwo1kJgRapCKuY7OtOAufm44mp2sMZ3U65lVkRfEvHblMyd5cBz328QgqUMQJ=s180-rw\" alt=\"Portada\" \/><\/a><\/p>\n<p>En cu\u00e1nto a la modalidad para obtener el beneficio, sigue siendo requisito excluyente ser alumno regular del establecimiento al cu\u00e1l asiste el alumno y verse correctamente reflejada esta situaci\u00f3n en Sigae Web.<\/p>\n<p>&nbsp;<\/p>\n<p>&nbsp;<\/p>\n","protected":false},"excerpt":{"rendered":"<p>&nbsp; BOLETO EDUCATIVO GRATUITO (BEG) El BEG tiene por objeto garantizar la llegada de estudiantes, docentes y asistentes escolares de los establecimientos educativos de toda la provincia, eliminando as\u00ed una potencial barrera de acceso a la educaci\u00f3n. A partir de su implementaci\u00f3n, el costo completo del viaje lo va a pagar la provincia de Santa &#8230; <a title=\"Medio Boleto\" class=\"read-more\" href=\"https:\/\/esc48-sfe.infd.edu.ar\/sitio\/medio-boleto\/\" aria-label=\"More on Medio Boleto\">[+]<\/a><\/p>\n","protected":false},"author":92,"featured_media":0,"parent":0,"menu_order":0,"comment_status":"closed","ping_status":"closed","template":"","meta":[],"acf":[],"_links":{"self":[{"href":"https:\/\/esc48-sfe.infd.edu.ar\/sitio\/wp-json\/wp\/v2\/pages\/1186"}],"collection":[{"href":"https:\/\/esc48-sfe.infd.edu.ar\/sitio\/wp-json\/wp\/v2\/pages"}],"about":[{"href":"https:\/\/esc48-sfe.infd.edu.ar\/sitio\/wp-json\/wp\/v2\/types\/page"}],"author":[{"embeddable":true,"href":"https:\/\/esc48-sfe.infd.edu.ar\/sitio\/wp-json\/wp\/v2\/users\/92"}],"replies":[{"embeddable":true,"href":"https:\/\/esc48-sfe.infd.edu.ar\/sitio\/wp-json\/wp\/v2\/comments?post=1186"}],"version-history":[{"count":6,"href":"https:\/\/esc48-sfe.infd.edu.ar\/sitio\/wp-json\/wp\/v2\/pages\/1186\/revisions"}],"predecessor-version":[{"id":2741,"href":"https:\/\/esc48-sfe.infd.edu.ar\/sitio\/wp-json\/wp\/v2\/pages\/1186\/revisions\/2741"}],"wp:attachment":[{"href":"https:\/\/esc48-sfe.infd.edu.ar\/sitio\/wp-json\/wp\/v2\/media?parent=1186"}],"curies":[{"name":"wp","href":"https:\/\/api.w.org\/{rel}","templated":true}]}}