{"id":1191,"date":"2018-12-26T22:10:28","date_gmt":"2018-12-27T01:10:28","guid":{"rendered":"https:\/\/esc48-sfe.infd.edu.ar\/sitio\/?page_id=1191"},"modified":"2019-03-02T15:03:36","modified_gmt":"2019-03-02T18:03:36","slug":"estudiante-visitante","status":"publish","type":"page","link":"https:\/\/esc48-sfe.infd.edu.ar\/sitio\/estudiante-visitante\/","title":{"rendered":"Estudiante Visitante"},"content":{"rendered":"<p><strong>Cap\u00edtulo 5: \u201cEstudiante Visitante\u201d<\/strong><\/p>\n<div>Art. 44: Podr\u00e1n ser estudiantes visitantes de los IES los egresados y profesores de los mismos y toda otra persona que re\u00fana los requisitos de ingreso a las respectivas carreras.<\/div>\n<div>Art. 45: La inscripci\u00f3n de estudiante visitante se ajustar\u00e1 en tiempo y forma a la determinada para estudiantes regulares.<\/div>\n<div>Art. 46: Los estudiantes visitantes podr\u00e1n inscribirse en las Unidades Curriculares elegidas<\/div>\n<div>cualquiera fuese el curso que les corresponda seg\u00fan el Dise\u00f1o Curricular de las respectivas carreras.<\/div>\n<div>Art. 47: El n\u00famero de estudiantes visitantes inscriptos en cada Unidad Curricular quedar\u00e1 supeditado a las posibilidades de Ia infraestructura acad\u00e9mica y no incidir\u00e1 en la matr\u00edcula m\u00ednima necesaria para determinar la apertura de cursos y\/o divisiones. La Direcci\u00f3n del IES con el Consejo Institucional determinar\u00e1 la, aceptaci\u00f3n o no aceptaci\u00f3n de Ia inscripci\u00f3n de acuerdo a este criterio.<\/div>\n<div>Art. 48: Los estudiantes visitantes se ajustar\u00e1n a los requisitos de cursado y propuesta curricular de la Unidad elegida para estudiantes regulares con promoci\u00f3n directa o promoci\u00f3n con examen final.<\/div>\n<div>Art. 49: Los estudiantes visitantes que debieran presentarse a examen final podr\u00e1n hacerlo durante un a\u00f1o a partir del primer turno de ex\u00e1menes siguiente al de la cursada de la Unidad Curricular.<\/div>\n<div>Art. 50: El estudiante visitante que haya aprobado la Unidad Curricular recibir\u00e1 la certificaci\u00f3n correspondiente. No dar\u00e1 opci\u00f3n a T\u00edtulo alguno, ni origen a tr\u00e1mite de homologaci\u00f3n.<\/div>\n<div>Art. 51: Los estudiantes visitantes no tendr\u00e1n derecho a asumir representaci\u00f3n estudiantil, ni ocupar cargos electivos en las organizaciones propias de este estamento.\u00a0(DECRETO 4199\/15)<\/div>\n<div><\/div>\n<div style=\"text-align: center;\"><a href=\"https:\/\/esc48-sfe.infd.edu.ar\/sitio\/wp-content\/uploads\/2019\/03\/estudiante-visitante-2.pdf\"><span style=\"color: #339966;\"><strong>Descargar<\/strong><\/span><\/a><\/div>\n<div style=\"text-align: center;\"><span style=\"color: #339966;\"><strong>Nota para inscribirse\u00a0 como Estudiante Visitante<\/strong><\/span><\/div>\n","protected":false},"excerpt":{"rendered":"<p>Cap\u00edtulo 5: \u201cEstudiante Visitante\u201d Art. 44: Podr\u00e1n ser estudiantes visitantes de los IES los egresados y profesores de los mismos y toda otra persona que re\u00fana los requisitos de ingreso a las respectivas carreras. Art. 45: La inscripci\u00f3n de estudiante visitante se ajustar\u00e1 en tiempo y forma a la determinada para estudiantes regulares. Art. 46: &#8230; <a title=\"Estudiante Visitante\" class=\"read-more\" href=\"https:\/\/esc48-sfe.infd.edu.ar\/sitio\/estudiante-visitante\/\" aria-label=\"More on Estudiante Visitante\">[+]<\/a><\/p>\n","protected":false},"author":92,"featured_media":0,"parent":0,"menu_order":0,"comment_status":"closed","ping_status":"closed","template":"","meta":[],"acf":[],"_links":{"self":[{"href":"https:\/\/esc48-sfe.infd.edu.ar\/sitio\/wp-json\/wp\/v2\/pages\/1191"}],"collection":[{"href":"https:\/\/esc48-sfe.infd.edu.ar\/sitio\/wp-json\/wp\/v2\/pages"}],"about":[{"href":"https:\/\/esc48-sfe.infd.edu.ar\/sitio\/wp-json\/wp\/v2\/types\/page"}],"author":[{"embeddable":true,"href":"https:\/\/esc48-sfe.infd.edu.ar\/sitio\/wp-json\/wp\/v2\/users\/92"}],"replies":[{"embeddable":true,"href":"https:\/\/esc48-sfe.infd.edu.ar\/sitio\/wp-json\/wp\/v2\/comments?post=1191"}],"version-history":[{"count":9,"href":"https:\/\/esc48-sfe.infd.edu.ar\/sitio\/wp-json\/wp\/v2\/pages\/1191\/revisions"}],"predecessor-version":[{"id":1545,"href":"https:\/\/esc48-sfe.infd.edu.ar\/sitio\/wp-json\/wp\/v2\/pages\/1191\/revisions\/1545"}],"wp:attachment":[{"href":"https:\/\/esc48-sfe.infd.edu.ar\/sitio\/wp-json\/wp\/v2\/media?parent=1191"}],"curies":[{"name":"wp","href":"https:\/\/api.w.org\/{rel}","templated":true}]}}