{"id":1196,"date":"2018-12-26T22:14:10","date_gmt":"2018-12-27T01:14:10","guid":{"rendered":"https:\/\/esc48-sfe.infd.edu.ar\/sitio\/?page_id=1196"},"modified":"2025-04-09T21:33:45","modified_gmt":"2025-04-10T00:33:45","slug":"adscripciones","status":"publish","type":"page","link":"https:\/\/esc48-sfe.infd.edu.ar\/sitio\/adscripciones\/","title":{"rendered":"Adscripciones"},"content":{"rendered":"<div>\n<h2 dir=\"auto\"><strong>Decreto N\u00ba 4199\/15 \u201cReglamento Acad\u00e9mico Marco\u201d (RAM)<\/strong><\/h2>\n<div dir=\"auto\"><strong>Cap\u00edtulo 2: \u201cDe las Adscripciones\u201d&nbsp;<\/strong><\/div>\n<div dir=\"auto\">&nbsp;<\/div>\n<div dir=\"auto\">Art. 66: Los IES podr\u00e1n ofrecer el cursado de Adscripciones a los graduados en Instituciones de Nivel Superior, sean o no egresados de su propia instituci\u00f3n, en las distintas Unidades Curriculares para los cuales tiene competencias su titulaci\u00f3n.<\/div>\n<div dir=\"auto\">&nbsp;<\/div>\n<div dir=\"auto\">Art. 67: Los IES definir\u00e1n en sus respectivos RAI la reglamentaci\u00f3n espec\u00edfica del R\u00e9gimen de Adscripciones.<\/div>\n<div dir=\"auto\">&nbsp;<\/div>\n<div dir=\"auto\">Art. 68: La solicitud de Adscripci\u00f3n ser\u00e1 evaluada por una Comisi\u00f3n integrada por un miembro del equipo directivo, el Jefe de Secci\u00f3n\/Coordinador del \u00e1rea o Coordinador de carrera y el profesor de la Unidad Curricular, quienes deber\u00e1n elaborar un Acta fundamentando la aceptaci\u00f3n o rechazo de la misma.<\/div>\n<div dir=\"auto\">&nbsp;<\/div>\n<div dir=\"auto\">Art. 69: Las Adscripciones tendr\u00e1n una duraci\u00f3n m\u00ednima de dos a\u00f1os, debiendo finalizar con la presentaci\u00f3n de un Trabajo final escrito y defendido oralmente ante una Comisi\u00f3n como la mencionada en el art. 68.<\/div>\n<div dir=\"auto\">&nbsp;<\/div>\n<div dir=\"auto\">Art. 70: El profesor Adscripto no podr\u00e1 hacerse cargo de la Unidad Curricular ante la ausencia del docente a cargo del mismo.<\/div>\n<div dir=\"auto\">&nbsp;<\/div>\n<div dir=\"auto\">Art.72: La Direcci\u00f3n del IES, previo Informe del Consejo Institucional, emitir\u00e1 la Disposici\u00f3n que acredite la aprobaci\u00f3n de la Adscripci\u00f3n.<\/div>\n<div dir=\"auto\">&nbsp;<\/div>\n<div dir=\"auto\">Art. 73: La actividad desarrollada por el adscripto en relaci\u00f3n a su rol, no constituir\u00e1 en absoluto v\u00ednculo laboral alguno entre \u00e9ste y la Instituci\u00f3n, el Ministerio de Educaci\u00f3n de la Provincia de Santa Fe y\/o Entidad Patronal.<\/div>\n<\/div>\n<div dir=\"auto\">&nbsp;<\/div>\n<div>\n<h2 style=\"text-align: center;\"><a href=\"https:\/\/esc48-sfe.infd.edu.ar\/sitio\/wp-content\/uploads\/2024\/04\/Solicitud-para-Adscripciones-1.pdf\">Solicitud para Adscripciones<\/a><\/h2>\n<p><\/p>\n<\/div>\n\n\n<h2 class=\"wp-block-heading\">REGLAMENTO INTERNO DE ADSCRIPCIONES                                         &#8211; ACTA ACUERDO N\u00b01\/25<\/h2>\n\n\n\n<div class=\"wp-block-file\"><object class=\"wp-block-file__embed\" data=\"https:\/\/esc48-sfe.infd.edu.ar\/sitio\/wp-content\/uploads\/2025\/04\/REGLAMENTO-ADSCRIPCION.pdf\" type=\"application\/pdf\" style=\"width:100%;height:600px\" aria-label=\"Incrustado de REGLAMENTO-ADSCRIPCION.\"><\/object><a id=\"wp-block-file--media-6160fb8d-f615-46b0-8c8f-0c202cad6403\" href=\"https:\/\/esc48-sfe.infd.edu.ar\/sitio\/wp-content\/uploads\/2025\/04\/REGLAMENTO-ADSCRIPCION.pdf\">REGLAMENTO-ADSCRIPCION<\/a><a href=\"https:\/\/esc48-sfe.infd.edu.ar\/sitio\/wp-content\/uploads\/2025\/04\/REGLAMENTO-ADSCRIPCION.pdf\" class=\"wp-block-file__button wp-element-button\" download aria-describedby=\"wp-block-file--media-6160fb8d-f615-46b0-8c8f-0c202cad6403\">Descarga<\/a><\/div>\n","protected":false},"excerpt":{"rendered":"<p>Decreto N\u00ba 4199\/15 \u201cReglamento Acad\u00e9mico Marco\u201d (RAM) Cap\u00edtulo 2: \u201cDe las Adscripciones\u201d&nbsp; &nbsp; Art. 66: Los IES podr\u00e1n ofrecer el cursado de Adscripciones a los graduados en Instituciones de Nivel Superior, sean o no egresados de su propia instituci\u00f3n, en las distintas Unidades Curriculares para los cuales tiene competencias su titulaci\u00f3n. &nbsp; Art. 67: Los &#8230; <a title=\"Adscripciones\" class=\"read-more\" href=\"https:\/\/esc48-sfe.infd.edu.ar\/sitio\/adscripciones\/\" aria-label=\"More on Adscripciones\">[+]<\/a><\/p>\n","protected":false},"author":92,"featured_media":0,"parent":0,"menu_order":0,"comment_status":"closed","ping_status":"closed","template":"","meta":[],"acf":[],"_links":{"self":[{"href":"https:\/\/esc48-sfe.infd.edu.ar\/sitio\/wp-json\/wp\/v2\/pages\/1196"}],"collection":[{"href":"https:\/\/esc48-sfe.infd.edu.ar\/sitio\/wp-json\/wp\/v2\/pages"}],"about":[{"href":"https:\/\/esc48-sfe.infd.edu.ar\/sitio\/wp-json\/wp\/v2\/types\/page"}],"author":[{"embeddable":true,"href":"https:\/\/esc48-sfe.infd.edu.ar\/sitio\/wp-json\/wp\/v2\/users\/92"}],"replies":[{"embeddable":true,"href":"https:\/\/esc48-sfe.infd.edu.ar\/sitio\/wp-json\/wp\/v2\/comments?post=1196"}],"version-history":[{"count":16,"href":"https:\/\/esc48-sfe.infd.edu.ar\/sitio\/wp-json\/wp\/v2\/pages\/1196\/revisions"}],"predecessor-version":[{"id":4608,"href":"https:\/\/esc48-sfe.infd.edu.ar\/sitio\/wp-json\/wp\/v2\/pages\/1196\/revisions\/4608"}],"wp:attachment":[{"href":"https:\/\/esc48-sfe.infd.edu.ar\/sitio\/wp-json\/wp\/v2\/media?parent=1196"}],"curies":[{"name":"wp","href":"https:\/\/api.w.org\/{rel}","templated":true}]}}