{"id":1694,"date":"2019-04-05T08:07:21","date_gmt":"2019-04-05T11:07:21","guid":{"rendered":"https:\/\/esc48-sfe.infd.edu.ar\/sitio\/?page_id=1694"},"modified":"2024-04-12T19:38:44","modified_gmt":"2024-04-12T22:38:44","slug":"inscripcion-a-mesas-examinadoras-especiales","status":"publish","type":"page","link":"https:\/\/esc48-sfe.infd.edu.ar\/sitio\/inscripcion-a-mesas-examinadoras-especiales\/","title":{"rendered":"Mesas Examinadoras Especiales"},"content":{"rendered":"<h3><strong>Requisitos para la inscripci\u00f3n:<br \/><\/strong><\/h3>\n<p>Art. 40 (RAM) &#8211; Todo estudiante tendr\u00e1 derecho a Mesa examinadora especial en los siguientes casos:<\/p>\n<div dir=\"auto\">a) Cuando adeudes hasta dos materias del \u00faltimo a\u00f1o de la carrera para finalizar tus estudios.<\/div>\n<div dir=\"auto\">\u00a0<\/div>\n<div dir=\"auto\">b) Cuando, por razones de enfermedad, causa grave de \u00edndole familiar, laboral u otros motivos debidamente justificados, fehacientemente comprobados en tiempo y en forma, no<\/div>\n<div dir=\"auto\">pudieras presentarte a rendir examen en la fecha y horario estipulado.<\/div>\n<div dir=\"auto\">\u00a0<\/div>\n<div dir=\"auto\">c) Cuando caducaren los Planes de Estudio con los cuales cursaste.<\/div>\n<div dir=\"auto\">\u00a0<\/div>\n<div dir=\"auto\">d) Cuando adeudes hasta dos unidades curriculares requeridas para cursar los talleres de docencia\/pr\u00e1cticas profesionalizantes correspondiente correlativos.<\/div>\n<div dir=\"auto\">\u00a0<\/div>\n<p style=\"text-align: left;\">\u00a0<\/p>\n<div class=\"text_exposed_show\">\n<h2 style=\"text-align: center;\"><strong><a href=\"https:\/\/drive.google.com\/file\/d\/1meNoK6J5qgKCA2JaAbMtuqfdPWd3humy\/view?usp=sharing\">Solicitud para mesas especiales<\/a><\/strong><\/h2>\n<\/div>\n\n\n<p>La solicitud&nbsp; se har\u00e1&nbsp; presentando la planilla correspondiente en Secretar\u00eda seg\u00fan calendario jurisdiccional.<\/p>\n","protected":false},"excerpt":{"rendered":"<p>Requisitos para la inscripci\u00f3n: Art. 40 (RAM) &#8211; Todo estudiante tendr\u00e1 derecho a Mesa examinadora especial en los siguientes casos: a) Cuando adeudes hasta dos materias del \u00faltimo a\u00f1o de la carrera para finalizar tus estudios. \u00a0 b) Cuando, por razones de enfermedad, causa grave de \u00edndole familiar, laboral u otros motivos debidamente justificados, fehacientemente &#8230; <a title=\"Mesas Examinadoras Especiales\" class=\"read-more\" href=\"https:\/\/esc48-sfe.infd.edu.ar\/sitio\/inscripcion-a-mesas-examinadoras-especiales\/\" aria-label=\"More on Mesas Examinadoras Especiales\">[+]<\/a><\/p>\n","protected":false},"author":92,"featured_media":0,"parent":0,"menu_order":0,"comment_status":"closed","ping_status":"closed","template":"","meta":[],"acf":[],"_links":{"self":[{"href":"https:\/\/esc48-sfe.infd.edu.ar\/sitio\/wp-json\/wp\/v2\/pages\/1694"}],"collection":[{"href":"https:\/\/esc48-sfe.infd.edu.ar\/sitio\/wp-json\/wp\/v2\/pages"}],"about":[{"href":"https:\/\/esc48-sfe.infd.edu.ar\/sitio\/wp-json\/wp\/v2\/types\/page"}],"author":[{"embeddable":true,"href":"https:\/\/esc48-sfe.infd.edu.ar\/sitio\/wp-json\/wp\/v2\/users\/92"}],"replies":[{"embeddable":true,"href":"https:\/\/esc48-sfe.infd.edu.ar\/sitio\/wp-json\/wp\/v2\/comments?post=1694"}],"version-history":[{"count":19,"href":"https:\/\/esc48-sfe.infd.edu.ar\/sitio\/wp-json\/wp\/v2\/pages\/1694\/revisions"}],"predecessor-version":[{"id":4174,"href":"https:\/\/esc48-sfe.infd.edu.ar\/sitio\/wp-json\/wp\/v2\/pages\/1694\/revisions\/4174"}],"wp:attachment":[{"href":"https:\/\/esc48-sfe.infd.edu.ar\/sitio\/wp-json\/wp\/v2\/media?parent=1694"}],"curies":[{"name":"wp","href":"https:\/\/api.w.org\/{rel}","templated":true}]}}