{"id":3270,"date":"2023-04-04T11:27:39","date_gmt":"2023-04-04T14:27:39","guid":{"rendered":"https:\/\/esc48-sfe.infd.edu.ar\/sitio\/?page_id=3270"},"modified":"2026-03-17T20:03:19","modified_gmt":"2026-03-17T23:03:19","slug":"horario-2023-carreras-tecnicas","status":"publish","type":"page","link":"https:\/\/esc48-sfe.infd.edu.ar\/sitio\/horario-2023-carreras-tecnicas\/","title":{"rendered":"Horarios 2026 &#8211; Tecnicaturas"},"content":{"rendered":"\n<p class=\"has-text-align-center\"><strong>T\u00c9CNICO SUP. EN DESARROLLO DE SOFTWARE<\/strong><\/p>\n\n\n\n<div class=\"wp-block-file\"><object class=\"wp-block-file__embed\" data=\"https:\/\/esc48-sfe.infd.edu.ar\/sitio\/wp-content\/uploads\/2026\/03\/HORARIO-2026-TSDS.pdf\" type=\"application\/pdf\" style=\"width:100%;height:600px\" aria-label=\"Incrustado de HORARIO-2026-TSDS.\"><\/object><a id=\"wp-block-file--media-e9191191-9e60-4b10-ac6b-17e03ab4369d\" href=\"https:\/\/esc48-sfe.infd.edu.ar\/sitio\/wp-content\/uploads\/2026\/03\/HORARIO-2026-TSDS.pdf\">HORARIO-2026-TSDS<\/a><a href=\"https:\/\/esc48-sfe.infd.edu.ar\/sitio\/wp-content\/uploads\/2026\/03\/HORARIO-2026-TSDS.pdf\" class=\"wp-block-file__button wp-element-button\" download aria-describedby=\"wp-block-file--media-e9191191-9e60-4b10-ac6b-17e03ab4369d\">Descarga<\/a><\/div>\n\n\n\n<p><\/p>\n\n\n\n<p class=\"has-text-align-center\"><strong>T\u00c9CNICO SUP. EN GESTI\u00d3N DE LAS ORGANIZACIONES<\/strong><\/p>\n\n\n\n<div class=\"wp-block-file\"><object class=\"wp-block-file__embed\" data=\"https:\/\/esc48-sfe.infd.edu.ar\/sitio\/wp-content\/uploads\/2026\/03\/HORARIO-2026-TSGO.pdf\" type=\"application\/pdf\" style=\"width:100%;height:600px\" aria-label=\"Incrustado de HORARIO-2026-TSGO.\"><\/object><a id=\"wp-block-file--media-992e9e43-202d-458f-a477-c108e101b236\" href=\"https:\/\/esc48-sfe.infd.edu.ar\/sitio\/wp-content\/uploads\/2026\/03\/HORARIO-2026-TSGO.pdf\">HORARIO-2026-TSGO<\/a><a href=\"https:\/\/esc48-sfe.infd.edu.ar\/sitio\/wp-content\/uploads\/2026\/03\/HORARIO-2026-TSGO.pdf\" class=\"wp-block-file__button wp-element-button\" download aria-describedby=\"wp-block-file--media-992e9e43-202d-458f-a477-c108e101b236\">Descarga<\/a><\/div>\n","protected":false},"excerpt":{"rendered":"<p>T\u00c9CNICO SUP. EN DESARROLLO DE SOFTWARE T\u00c9CNICO SUP. EN GESTI\u00d3N DE LAS ORGANIZACIONES<\/p>\n","protected":false},"author":365,"featured_media":0,"parent":0,"menu_order":0,"comment_status":"closed","ping_status":"closed","template":"","meta":[],"acf":[],"_links":{"self":[{"href":"https:\/\/esc48-sfe.infd.edu.ar\/sitio\/wp-json\/wp\/v2\/pages\/3270"}],"collection":[{"href":"https:\/\/esc48-sfe.infd.edu.ar\/sitio\/wp-json\/wp\/v2\/pages"}],"about":[{"href":"https:\/\/esc48-sfe.infd.edu.ar\/sitio\/wp-json\/wp\/v2\/types\/page"}],"author":[{"embeddable":true,"href":"https:\/\/esc48-sfe.infd.edu.ar\/sitio\/wp-json\/wp\/v2\/users\/365"}],"replies":[{"embeddable":true,"href":"https:\/\/esc48-sfe.infd.edu.ar\/sitio\/wp-json\/wp\/v2\/comments?post=3270"}],"version-history":[{"count":4,"href":"https:\/\/esc48-sfe.infd.edu.ar\/sitio\/wp-json\/wp\/v2\/pages\/3270\/revisions"}],"predecessor-version":[{"id":4763,"href":"https:\/\/esc48-sfe.infd.edu.ar\/sitio\/wp-json\/wp\/v2\/pages\/3270\/revisions\/4763"}],"wp:attachment":[{"href":"https:\/\/esc48-sfe.infd.edu.ar\/sitio\/wp-json\/wp\/v2\/media?parent=3270"}],"curies":[{"name":"wp","href":"https:\/\/api.w.org\/{rel}","templated":true}]}}