{"id":4655,"date":"2025-08-29T00:41:10","date_gmt":"2025-08-29T03:41:10","guid":{"rendered":"https:\/\/esc48-sfe.infd.edu.ar\/sitio\/?page_id=4655"},"modified":"2025-08-29T00:41:11","modified_gmt":"2025-08-29T03:41:11","slug":"formularios-de-licencias","status":"publish","type":"page","link":"https:\/\/esc48-sfe.infd.edu.ar\/sitio\/formularios-de-licencias\/","title":{"rendered":"Formularios de Licencias"},"content":{"rendered":"\n<h3 class=\"wp-block-heading\"><strong>Links de acceso para la solicitud web:<\/strong><\/h3>\n\n\n\n<p><a href=\"https:\/\/www.santafe.gov.ar\/licenciasmedicas\" target=\"_blank\" rel=\"noreferrer noopener\">Licencias M\u00e9dicas<\/a><\/p>\n\n\n\n<p><strong>Documentos relacionados:<\/strong><\/p>\n\n\n\n<p><a href=\"https:\/\/educacion.santafe.gob.ar\/wp-content\/uploads\/sites\/2\/2025\/08\/Manual-V-2025.pdf\">Manual de Usuario Licencias M\u00e9dicas<\/a><\/p>\n\n\n\n<p><a href=\"https:\/\/educacion.santafe.gob.ar\/wp-content\/uploads\/sites\/2\/2023\/03\/Modelo-certificado-medico-2.pdf\" target=\"_blank\" rel=\"noreferrer noopener\">Modelo certificado m\u00e9dico<\/a><\/p>\n\n\n\n<p><a href=\"https:\/\/educacion.santafe.gob.ar\/wp-content\/uploads\/sites\/2\/2023\/03\/Modelo-Certificado-Atencion-Familiar-Enfermo.pdf\" target=\"_blank\" rel=\"noreferrer noopener\">Modelo Certificado Atenci\u00f3n Familiar Enfermo<\/a><\/p>\n\n\n\n<p><a href=\"https:\/\/educacion.santafe.gob.ar\/wp-content\/uploads\/sites\/2\/2023\/03\/Certificado-Medico-Exclusivo-Junta-Medica-2.pdf\" target=\"_blank\" rel=\"noreferrer noopener\">Certificado M\u00e9dico Exclusivo Junta M\u00e9dica<\/a><\/p>\n\n\n\n<p><a href=\"https:\/\/educacion.santafe.gob.ar\/wp-content\/uploads\/sites\/2\/2023\/03\/Codigario-CIE10-Abreviado-1.pdf\" target=\"_blank\" rel=\"noreferrer noopener\">Codigario CIE10 Abreviado<\/a><\/p>\n\n\n\n<p><a href=\"https:\/\/educacion.santafe.gob.ar\/wp-content\/uploads\/sites\/2\/2023\/03\/Codigario-Completo-CIE-10-1.pdf\">Codigario-Completo-CIE-10<\/a><\/p>\n\n\n\n<p>&nbsp;<strong>Informaci\u00f3n complementaria:<\/strong><\/p>\n\n\n\n<p><a href=\"https:\/\/educacion.santafe.gob.ar\/wp-content\/uploads\/sites\/2\/2023\/03\/Res-2084-21.pdf\" target=\"_blank\" rel=\"noreferrer noopener\">Res 2084-21<\/a><\/p>\n\n\n\n<p><a href=\"https:\/\/educacion.santafe.gob.ar\/wp-content\/uploads\/sites\/2\/2023\/03\/Procedimiento-Licencias-Medicas-Res.-n%C2%B02084-21.pdf\">Procedimiento Licencias M\u00e9dicas Res. n\u00b02084-21<\/a><\/p>\n","protected":false},"excerpt":{"rendered":"<p>Links de acceso para la solicitud web: Licencias M\u00e9dicas Documentos relacionados: Manual de Usuario Licencias M\u00e9dicas Modelo certificado m\u00e9dico Modelo Certificado Atenci\u00f3n Familiar Enfermo Certificado M\u00e9dico Exclusivo Junta M\u00e9dica Codigario CIE10 Abreviado Codigario-Completo-CIE-10 &nbsp;Informaci\u00f3n complementaria: Res 2084-21 Procedimiento Licencias M\u00e9dicas Res. n\u00b02084-21<\/p>\n","protected":false},"author":92,"featured_media":0,"parent":0,"menu_order":0,"comment_status":"closed","ping_status":"closed","template":"","meta":[],"acf":[],"_links":{"self":[{"href":"https:\/\/esc48-sfe.infd.edu.ar\/sitio\/wp-json\/wp\/v2\/pages\/4655"}],"collection":[{"href":"https:\/\/esc48-sfe.infd.edu.ar\/sitio\/wp-json\/wp\/v2\/pages"}],"about":[{"href":"https:\/\/esc48-sfe.infd.edu.ar\/sitio\/wp-json\/wp\/v2\/types\/page"}],"author":[{"embeddable":true,"href":"https:\/\/esc48-sfe.infd.edu.ar\/sitio\/wp-json\/wp\/v2\/users\/92"}],"replies":[{"embeddable":true,"href":"https:\/\/esc48-sfe.infd.edu.ar\/sitio\/wp-json\/wp\/v2\/comments?post=4655"}],"version-history":[{"count":1,"href":"https:\/\/esc48-sfe.infd.edu.ar\/sitio\/wp-json\/wp\/v2\/pages\/4655\/revisions"}],"predecessor-version":[{"id":4658,"href":"https:\/\/esc48-sfe.infd.edu.ar\/sitio\/wp-json\/wp\/v2\/pages\/4655\/revisions\/4658"}],"wp:attachment":[{"href":"https:\/\/esc48-sfe.infd.edu.ar\/sitio\/wp-json\/wp\/v2\/media?parent=4655"}],"curies":[{"name":"wp","href":"https:\/\/api.w.org\/{rel}","templated":true}]}}