{"id":848,"date":"2018-08-31T16:21:55","date_gmt":"2018-08-31T19:21:55","guid":{"rendered":"https:\/\/esc48-sfe.infd.edu.ar\/sitio\/correlatividades-de-la-carrera\/"},"modified":"2019-08-10T00:11:56","modified_gmt":"2019-08-10T03:11:56","slug":"correlatividades-de-la-carrera","status":"publish","type":"page","link":"https:\/\/esc48-sfe.infd.edu.ar\/sitio\/correlatividades-de-la-carrera\/","title":{"rendered":"Correlatividades de la Carrera"},"content":{"rendered":"<p>&nbsp;<\/p>\n<p>&nbsp;<\/p>\n<h3 style=\"text-align: center;\"><em><span style=\"text-decoration: underline;\">DESCARGAS DE REGIMEN DE CORRELATIVIDADES DEL PROFESORADO DE EDUCACION PRIMARIA<\/span><\/em><\/h3>\n<h3>Hacer click sobre el enlace para abrir el documento:<\/h3>\n<p>&nbsp;<\/p>\n<p><a href=\"upload\/Pofesorado_de_Educaci%F3n_Primaria_-_R%E9gimen_de_Correlatividades.pdf\">R\u00e9gimen de Correlatividades del Profesorado de Educaci\u00f3n Primaria<\/a><\/p>\n<p><strong>R\u00e9gimen de Correlatividades<\/strong><\/p>\n<h1>Campo de la Formaci\u00f3n General y Campo de la formaci\u00f3n espec\u00edfica:<\/h1>\n<p>&nbsp;<\/p>\n<p>Para poder rendir las unidades curriculares se\u00f1aladas a continuaci\u00f3n, deber\u00e1n tener aprobadas las correlativas establecidas.<\/p>\n<p>&nbsp;<\/p>\n<table>\n<tbody>\n<tr>\n<td width=\"325\"><strong>Unidad Curricular<\/strong><\/td>\n<td width=\"318\"><strong>Correlativa<\/strong><\/td>\n<\/tr>\n<tr>\n<td width=\"325\"><strong>SEGUNDO A\u00d1O<\/strong><\/td>\n<td width=\"318\">&nbsp;<\/td>\n<\/tr>\n<tr>\n<td width=\"325\">Did\u00e1ctica General<\/td>\n<td width=\"318\">Pedagog\u00eda<\/p>\n<p>Psicolog\u00eda y Educaci\u00f3n<\/td>\n<\/tr>\n<tr>\n<td width=\"325\">Movimiento y Cuerpo II<\/td>\n<td width=\"318\">Movimiento y Cuerpo I<\/td>\n<\/tr>\n<tr>\n<td width=\"325\">Matem\u00e1tica y su Did\u00e1ctica I<\/td>\n<td width=\"318\">Resoluci\u00f3n de Problemas y Creatividad<\/td>\n<\/tr>\n<tr>\n<td width=\"325\">Ciencias Naturales y su Did\u00e1ctica I<\/td>\n<td width=\"318\">Ciencias Naturales para una Cultura Ciudadana<\/td>\n<\/tr>\n<tr>\n<td width=\"325\">Ciencias Sociales y su Did\u00e1ctica I<\/td>\n<td width=\"318\">Problem\u00e1ticas en las Ciencias Sociales<\/td>\n<\/tr>\n<tr>\n<td width=\"325\">Lengua y su Did\u00e1ctica<\/td>\n<td width=\"318\">Comunicaci\u00f3n y Expresi\u00f3n Oral y Escrita<\/td>\n<\/tr>\n<tr>\n<td width=\"325\">Sujeto de la Educaci\u00f3n Primaria<\/td>\n<td width=\"318\">Psicolog\u00eda y Educaci\u00f3n<\/td>\n<\/tr>\n<tr>\n<td width=\"325\"><strong>TERCER A\u00d1O<\/strong><\/td>\n<td width=\"318\">&nbsp;<\/td>\n<\/tr>\n<tr>\n<td width=\"325\">Historia Social de la Educaci\u00f3n y Pol\u00edtica Educativa Argentina<\/td>\n<td width=\"318\">Historia Argentina y Latinoamericana Sociolog\u00eda de la Educaci\u00f3n<\/td>\n<\/tr>\n<tr>\n<td width=\"325\">Literatura y su Did\u00e1ctica<\/td>\n<td width=\"318\">Lengua y su Did\u00e1ctica Did\u00e1ctica General<\/td>\n<\/tr>\n<tr>\n<td width=\"325\">Alfabetizaci\u00f3n Inicial<\/td>\n<td width=\"318\">Lengua y su Did\u00e1ctica Did\u00e1ctica General<\/td>\n<\/tr>\n<tr>\n<td width=\"325\">Matem\u00e1tica y su Did\u00e1ctica II<\/td>\n<td width=\"318\">Matem\u00e1tica y su Did\u00e1ctica I Did\u00e1ctica General<\/td>\n<\/tr>\n<tr>\n<td width=\"325\">Ciencias Naturales y su Did\u00e1ctica II<\/td>\n<td width=\"318\">Ciencias Naturales y su Did\u00e1ctica I Did\u00e1ctica General<\/td>\n<\/tr>\n<tr>\n<td width=\"325\">Ciencias Sociales y su Did\u00e1ctica II<\/td>\n<td width=\"318\">Ciencias Sociales y su Did\u00e1ctica I Did\u00e1ctica General.<\/td>\n<\/tr>\n<tr>\n<td width=\"325\">\u00c1rea Est\u00e9tico Expresiva II<\/td>\n<td width=\"318\">\u00c1rea Est\u00e9tico Expresiva I<\/td>\n<\/tr>\n<tr>\n<td width=\"325\">Problem\u00e1ticas Contempor\u00e1neas de la Educaci\u00f3n Primaria II<\/td>\n<td width=\"318\">Problem\u00e1ticas Contempor\u00e1neas de la Educaci\u00f3n Primaria I<\/td>\n<\/tr>\n<tr>\n<td width=\"325\"><strong>CUARTO A\u00d1O<\/strong><\/td>\n<td width=\"318\">&nbsp;<\/td>\n<\/tr>\n<tr>\n<td width=\"325\">\u00c9tica, Trabajo Docente, Derechos Humanos y Ciudadan\u00eda.<\/td>\n<td width=\"318\">Filosof\u00eda de la Educaci\u00f3n Conocimiento y Educaci\u00f3n<\/p>\n<p>Historia Social de la Educaci\u00f3n y Pol\u00edtica Educativa Argentina<\/td>\n<\/tr>\n<\/tbody>\n<\/table>\n<p>&nbsp;<\/p>\n<h1>Campo de la Pr\u00e1ctica Profesional:<\/h1>\n<p>&nbsp;<\/p>\n<p>Para poder cursar los Talleres de la Pr\u00e1ctica II, III y IV, deber\u00e1n cumplir con las correlatividades establecidas a continuaci\u00f3n:<\/p>\n<p>&nbsp;<\/p>\n<table>\n<tbody>\n<tr>\n<td width=\"192\"><strong>Unidad Curricular<\/strong><\/td>\n<td width=\"450\"><strong>Correlativa<\/strong><\/td>\n<\/tr>\n<tr>\n<td width=\"192\"><strong>SEGUNDO A\u00d1O<\/strong><\/td>\n<td width=\"450\">&nbsp;<\/td>\n<\/tr>\n<tr>\n<td width=\"192\">Taller de Pr\u00e1ctica II<\/td>\n<td width=\"450\"><strong>Aprobada:<\/strong><\/p>\n<p>Taller de Pr\u00e1ctica I<\/p>\n<p>Al menos tres de los talleres de 1\u00ba a\u00f1o del campo de la Formaci\u00f3n Espec\u00edfica.<\/p>\n<p><strong>Regularizada:<\/strong><\/p>\n<p>Pedagog\u00eda<\/p>\n<p>Psicolog\u00eda y Educaci\u00f3n<\/td>\n<\/tr>\n<\/tbody>\n<\/table>\n<p>&nbsp;<\/p>\n<p>&nbsp;<\/p>\n<p>&nbsp;<\/p>\n<table>\n<tbody>\n<tr>\n<td width=\"193\"><strong>TERCER A\u00d1O<\/strong><\/td>\n<td width=\"450\">&nbsp;<\/td>\n<\/tr>\n<tr>\n<td width=\"193\">Taller de Pr\u00e1ctica III<\/td>\n<td width=\"450\"><strong>Aprobada:<\/strong><\/p>\n<p>Todas las unidades curriculares de los tres campos de 1\u00ba a\u00f1o. Taller de Pr\u00e1ctica II<\/p>\n<p><strong>Regularizada:<\/strong><\/p>\n<p>Did\u00e1ctica General Matem\u00e1tica y su Did\u00e1ctica I<\/p>\n<p>Ciencias Sociales y su Did\u00e1ctica I Ciencias Naturales y su Did\u00e1ctica I Lengua y su Did\u00e1ctica<\/p>\n<p>Sujeto de la Educaci\u00f3n Primaria Conocimiento y Educaci\u00f3n<\/td>\n<\/tr>\n<\/tbody>\n<\/table>\n<p>&nbsp;<\/p>\n<p>&nbsp;<\/p>\n<p>&nbsp;<\/p>\n<table>\n<tbody>\n<tr>\n<td width=\"194\"><strong>CUARTO A\u00d1O<\/strong><\/td>\n<td width=\"448\">&nbsp;<\/td>\n<\/tr>\n<tr>\n<td width=\"194\">Taller de Pr\u00e1ctica IV y Ateneo<\/td>\n<td width=\"448\"><strong>Aprobada:<\/strong><\/p>\n<p>Todas las unidades curriculares de los tres campos de 2\u00ba a\u00f1o. Taller de Pr\u00e1ctica III<\/p>\n<p>\u00c1rea Est\u00e9tico Expresiva II<\/p>\n<p>&nbsp;<\/p>\n<p><strong>Regularizada:<\/strong><\/p>\n<p>Matem\u00e1tica y su Did\u00e1ctica II Ciencias Sociales y su Did\u00e1ctica II Ciencias Naturales y su Did\u00e1ctica II Literatura y su Did\u00e1ctica Alfabetizaci\u00f3n Inicial<\/p>\n<p>Tecnolog\u00edas de la Informaci\u00f3n y de la Comunicaci\u00f3n Problem\u00e1ticas Contempor\u00e1neas de la Educaci\u00f3n Primaria II<\/td>\n<\/tr>\n<\/tbody>\n<\/table>\n<p>&nbsp;<\/p>\n<p>&nbsp;<\/p>\n<p>Los Espacios de Definici\u00f3n institucional I y II, el Seminario de Sexualidad Humana y Educaci\u00f3n,y los itinerarios por el Mundo de la Cultura, no tienen establecidas correlatividades.<\/p>\n","protected":false},"excerpt":{"rendered":"<p>&nbsp; &nbsp; DESCARGAS DE REGIMEN DE CORRELATIVIDADES DEL PROFESORADO DE EDUCACION PRIMARIA Hacer click sobre el enlace para abrir el documento: &nbsp; R\u00e9gimen de Correlatividades del Profesorado de Educaci\u00f3n Primaria R\u00e9gimen de Correlatividades Campo de la Formaci\u00f3n General y Campo de la formaci\u00f3n espec\u00edfica: &nbsp; Para poder rendir las unidades curriculares se\u00f1aladas a continuaci\u00f3n, deber\u00e1n &#8230; <a title=\"Correlatividades de la Carrera\" class=\"read-more\" href=\"https:\/\/esc48-sfe.infd.edu.ar\/sitio\/correlatividades-de-la-carrera\/\" aria-label=\"More on Correlatividades de la Carrera\">[+]<\/a><\/p>\n","protected":false},"author":105,"featured_media":0,"parent":0,"menu_order":0,"comment_status":"closed","ping_status":"closed","template":"","meta":[],"acf":[],"_links":{"self":[{"href":"https:\/\/esc48-sfe.infd.edu.ar\/sitio\/wp-json\/wp\/v2\/pages\/848"}],"collection":[{"href":"https:\/\/esc48-sfe.infd.edu.ar\/sitio\/wp-json\/wp\/v2\/pages"}],"about":[{"href":"https:\/\/esc48-sfe.infd.edu.ar\/sitio\/wp-json\/wp\/v2\/types\/page"}],"author":[{"embeddable":true,"href":"https:\/\/esc48-sfe.infd.edu.ar\/sitio\/wp-json\/wp\/v2\/users\/105"}],"replies":[{"embeddable":true,"href":"https:\/\/esc48-sfe.infd.edu.ar\/sitio\/wp-json\/wp\/v2\/comments?post=848"}],"version-history":[{"count":2,"href":"https:\/\/esc48-sfe.infd.edu.ar\/sitio\/wp-json\/wp\/v2\/pages\/848\/revisions"}],"predecessor-version":[{"id":1759,"href":"https:\/\/esc48-sfe.infd.edu.ar\/sitio\/wp-json\/wp\/v2\/pages\/848\/revisions\/1759"}],"wp:attachment":[{"href":"https:\/\/esc48-sfe.infd.edu.ar\/sitio\/wp-json\/wp\/v2\/media?parent=848"}],"curies":[{"name":"wp","href":"https:\/\/api.w.org\/{rel}","templated":true}]}}